{"id":480,"date":"2020-11-24T12:55:12","date_gmt":"2020-11-24T11:55:12","guid":{"rendered":"https:\/\/hrop.web42.it\/privacy-policy\/"},"modified":"2020-12-11T12:16:45","modified_gmt":"2020-12-11T11:16:45","slug":"privacy-policy","status":"publish","type":"page","link":"https:\/\/vatrim.eu\/it\/privacy-policy\/","title":{"rendered":"Privacy Policy"},"content":{"rendered":"[vc_row type=&#8221;in_container&#8221; full_screen_row_position=&#8221;middle&#8221; column_margin=&#8221;default&#8221; column_direction=&#8221;default&#8221; column_direction_tablet=&#8221;default&#8221; column_direction_phone=&#8221;default&#8221; scene_position=&#8221;center&#8221; bottom_padding=&#8221;5%&#8221; text_color=&#8221;dark&#8221; text_align=&#8221;left&#8221; row_border_radius=&#8221;none&#8221; row_border_radius_applies=&#8221;bg&#8221; overlay_strength=&#8221;0.3&#8243; gradient_direction=&#8221;left_to_right&#8221; shape_divider_position=&#8221;bottom&#8221; bg_image_animation=&#8221;none&#8221; shape_type=&#8221;&#8221;][vc_column column_padding=&#8221;no-extra-padding&#8221; column_padding_tablet=&#8221;inherit&#8221; column_padding_phone=&#8221;inherit&#8221; column_padding_position=&#8221;all&#8221; background_color_opacity=&#8221;1&#8243; background_hover_color_opacity=&#8221;1&#8243; column_shadow=&#8221;none&#8221; column_border_radius=&#8221;none&#8221; column_link_target=&#8221;_self&#8221; gradient_direction=&#8221;left_to_right&#8221; overlay_strength=&#8221;0.3&#8243; width=&#8221;1\/1&#8243; tablet_width_inherit=&#8221;default&#8221; tablet_text_alignment=&#8221;default&#8221; phone_text_alignment=&#8221;default&#8221; column_border_width=&#8221;none&#8221; column_border_style=&#8221;solid&#8221; bg_image_animation=&#8221;none&#8221;][vc_custom_heading text=&#8221;Privacy Policy&#8221; font_container=&#8221;tag:h1|font_size:46|text_align:left|color:%2300095f&#8221; google_fonts=&#8221;font_family:PT%20Serif%3Aregular%2Citalic%2C700%2C700italic|font_style:700%20bold%20regular%3A700%3Anormal&#8221; css=&#8221;.vc_custom_1607685338089{margin-bottom: 30px !important;}&#8221;][vc_column_text]\n<p class=\"p1\">Ai sensi dell&#8217;art. 13 del Regolamento Europeo 2016\/679 (GDPR) nonch\u00e9 ai sensi del Provvedimento in materia di cookie n. 229 dell\u20198 maggio 2014, si desidera informare i visitatori del sito circa l\u2019utilizzo dei dati inseriti e dei cookie utilizzati dal sito stesso. L\u2019informativa \u00e8 resa anche ai sensi della Raccomandazione n. 2\/2001 adottata dal Gruppo di lavoro istituito dall\u2019art. 29 della direttiva n. 95\/46\/CE. La presente ha ad oggetto i siti ed i portali di Vatrim Srl e non riguarda altre pagine web eventualmente consultate tramite link.<span class=\"Apple-converted-space\">\u00a0<\/span><\/p>\n[\/vc_column_text][vc_custom_heading text=&#8221;Il titolare del trattamento&#8221; font_container=&#8221;tag:h2|font_size:32|text_align:left|color:%2300095f&#8221; google_fonts=&#8221;font_family:Open%20Sans%3A300%2C300italic%2Cregular%2Citalic%2C600%2C600italic%2C700%2C700italic%2C800%2C800italic|font_style:600%20bold%20regular%3A600%3Anormal&#8221;][vc_column_text]\n<p class=\"p1\">In virt\u00f9 della consultazione del sito web possono essere trattati dati personali o comunque associabili all\u2019utente anche tramite l\u2019utilizzo di cookie. Il titolare del trattamento \u00e8 Vatrim Srl con sede legale in viale della Stazione, 7 \u2013 39100 Bolzano (BZ). Sar\u00e0 possibile contattare il Titolare del trattamento utilizzando il seguente recapito PEC: <a href=\"mailto:vatrimsrl@legalmail.it\">vatrimsrl@legalmail.it<\/a><\/p>\n[\/vc_column_text][vc_custom_heading text=&#8221;Finalit\u00e0 e modalit\u00e0 di trattamento&#8221; font_container=&#8221;tag:h2|font_size:32|text_align:left|color:%2300095f&#8221; google_fonts=&#8221;font_family:Open%20Sans%3A300%2C300italic%2Cregular%2Citalic%2C600%2C600italic%2C700%2C700italic%2C800%2C800italic|font_style:600%20bold%20regular%3A600%3Anormal&#8221; css=&#8221;.vc_custom_1607685351813{margin-bottom: 4vh !important;}&#8221;][vc_custom_heading text=&#8221;Dati di navigazione&#8221; font_container=&#8221;tag:h3|font_size:26|text_align:left|color:%2300095f&#8221; google_fonts=&#8221;font_family:Open%20Sans%3A300%2C300italic%2Cregular%2Citalic%2C600%2C600italic%2C700%2C700italic%2C800%2C800italic|font_style:600%20bold%20regular%3A600%3Anormal&#8221; css=&#8221;.vc_custom_1607685358759{margin-bottom: 2vh !important;}&#8221;][vc_column_text]\n<p class=\"p1\">I sistemi informatici e le procedure software preposte al funzionamento di questo sito web acquisiscono, nel corso del loro normale esercizio, alcuni dati personali la cui trasmissione \u00e8 implicita nell&#8217;uso dei protocolli di comunicazione di Internet.<span class=\"Apple-converted-space\">\u00a0<\/span><\/p>\n<p class=\"p1\">Si tratta di informazioni che non sono raccolte per essere associate a interessati identificati, ma che per loro stessa natura potrebbero, attraverso elaborazioni ed associazioni con dati detenuti da terzi, permettere di identificare gli utenti.<span class=\"Apple-converted-space\">\u00a0<\/span><\/p>\n<p class=\"p1\">In questa categoria di dati rientrano gli indirizzi IP o i nomi a dominio dei computer utilizzati dagli utenti che si connettono al sito, gli indirizzi in notazione URI (Uniform Resource Identifier) delle risorse richieste, l&#8217;orario della richiesta, il metodo utilizzato nel sottoporre la richiesta al server, la dimensione del file ottenuto in risposta, il codice numerico indicante lo stato della risposta data dal server (buon fine, errore, ecc.) ed altri parametri relativi al sistema operativo e all&#8217;ambiente informatico dell&#8217;utente.<span class=\"Apple-converted-space\">\u00a0<\/span><\/p>\n<p class=\"p1\">Questi dati vengono utilizzati al solo fine di ricavare informazioni statistiche anonime sull&#8217;uso del sito e per controllarne il corretto funzionamento e vengono cancellati immediatamente dopo l&#8217;elaborazione. I dati potrebbero essere utilizzati per l&#8217;accertamento di responsabilit\u00e0 in caso di ipotetici reati informatici ai danni del sito.<\/p>\n[\/vc_column_text][vc_custom_heading text=&#8221;Dati acquisiti tramite moduli di contatto e sezioni dedicate&#8221; font_container=&#8221;tag:h3|font_size:26|text_align:left|color:%2300095f&#8221; google_fonts=&#8221;font_family:Open%20Sans%3A300%2C300italic%2Cregular%2Citalic%2C600%2C600italic%2C700%2C700italic%2C800%2C800italic|font_style:600%20bold%20regular%3A600%3Anormal&#8221; css=&#8221;.vc_custom_1607685366869{margin-bottom: 2vh !important;}&#8221;][vc_column_text]\n<p class=\"p1\"><b>DATI ACQUISITI TRAMITE MODULI DI CONTATTO E SEZIONI DEDICATE <\/b>Tali informazioni si riferiscono ai dati forniti volontariamente dall\u2019utente.<span class=\"Apple-converted-space\">\u00a0<\/span><\/p>\n<p class=\"p1\"><b>CONTATTI: <\/b>la informiamo che i dati forniti saranno utilizzati esclusivamente per dar seguito alla richiesta proposta. I dati acquisiti saranno conservati esclusivamente per il tempo necessario a fornirle riscontro. Il presente trattamento avviene sulla base del suo consenso prestato. L\u2019eventuale diniego al trattamento comporter\u00e0 l\u2019impossibilit\u00e0 di far fronte alla sua richiesta.<span class=\"Apple-converted-space\">\u00a0<\/span><\/p>\n<p class=\"p1\">I trattamenti sopraindicati avvengono in modalit\u00e0 prettamente informatiche ma non si escludono trattamenti in modalit\u00e0 cartacea. I Suoi dati potranno essere comunicati a soggetti considerati destinatari ai sensi dell\u2019art. 4 o responsabili del trattamento ai sensi dell\u2019art.28 del Regolamento (UE) preposti a funzioni atte a dare riscontro alla sua richiesta a noi effettuata.<span class=\"Apple-converted-space\">\u00a0<\/span><\/p>\n<p class=\"p1\">Per quanto riguarda i dati acquisiti tramite cookie si rimanda alla sezione dedicata.<\/p>\n[\/vc_column_text][vc_custom_heading text=&#8221;Trasferimento dati ad un paese terzo o organizzazioni internazionali&#8221; font_container=&#8221;tag:h3|font_size:26|text_align:left|color:%2300095f&#8221; google_fonts=&#8221;font_family:Open%20Sans%3A300%2C300italic%2Cregular%2Citalic%2C600%2C600italic%2C700%2C700italic%2C800%2C800italic|font_style:600%20bold%20regular%3A600%3Anormal&#8221; css=&#8221;.vc_custom_1607685381795{margin-bottom: 2vh !important;}&#8221;][vc_column_text]\n<p class=\"p1\">I Suoi dati non saranno in alcun modo oggetto di trasferimento verso Paesi terzi extra UE od organizzazioni internazionali n\u00e9 verranno salvati su server ubicati in un paese terzo.<\/p>\n[\/vc_column_text][vc_custom_heading text=&#8221;Processi decisionali automatizzati&#8221; font_container=&#8221;tag:h3|font_size:26|text_align:left|color:%2300095f&#8221; google_fonts=&#8221;font_family:Open%20Sans%3A300%2C300italic%2Cregular%2Citalic%2C600%2C600italic%2C700%2C700italic%2C800%2C800italic|font_style:600%20bold%20regular%3A600%3Anormal&#8221; css=&#8221;.vc_custom_1607685394904{margin-bottom: 2vh !important;}&#8221;][vc_column_text]\n<p class=\"p1\">Il Titolare non utilizza in alcun modo processi decisionali automatizzati che riguardano i Suoi dati personali.<\/p>\n[\/vc_column_text][vc_custom_heading text=&#8221;Diritti dell&#8217;interessato&#8221; font_container=&#8221;tag:h3|font_size:26|text_align:left|color:%2300095f&#8221; google_fonts=&#8221;font_family:Open%20Sans%3A300%2C300italic%2Cregular%2Citalic%2C600%2C600italic%2C700%2C700italic%2C800%2C800italic|font_style:600%20bold%20regular%3A600%3Anormal&#8221; css=&#8221;.vc_custom_1607685402509{margin-bottom: 2vh !important;}&#8221;][vc_column_text]\n<p class=\"p1\">In qualsiasi momento Lei ha diritto di richiedere al Titolare l\u2019accesso ai Suoi dati, nonch\u00e9 la rettifica o la cancellazione degli stessi. Le verr\u00e0 fornito riscontro entro 30 giorni in forma scritta (salvo Sua specifica richiesta di riscontro orale), anche con mezzi elettronici. Ha inoltre diritto a richiedere la limitazione del trattamento ovvero di opporsi allo stesso. Potr\u00e0 infine richiedere la portabilit\u00e0 dei Suoi dati verso un altro titolare. In qualsiasi momento potr\u00e0 inoltre revocare i consensi prestati in questo sito web. Per revocare uno o pi\u00f9 dei consensi eventualmente prestati sar\u00e0 sufficiente contattare uno dei recapiti sopraindicati.<span class=\"Apple-converted-space\">\u00a0<\/span><\/p>\n<p class=\"p1\">Laddove Lei ritenga che i Suoi dati siano stati trattati in modo illegittimo, ha il diritto di rivolgersi all\u2019Autorit\u00e0 di Controllo per proporre reclamo.<\/p>\n[\/vc_column_text][\/vc_column][\/vc_row]\n","protected":false},"excerpt":{"rendered":"<p>[vc_row type=&#8221;in_container&#8221; full_screen_row_position=&#8221;middle&#8221; column_margin=&#8221;default&#8221; column_direction=&#8221;default&#8221; column_direction_tablet=&#8221;default&#8221; column_direction_phone=&#8221;default&#8221; scene_position=&#8221;center&#8221; bottom_padding=&#8221;5%&#8221; text_color=&#8221;dark&#8221; text_align=&#8221;left&#8221; row_border_radius=&#8221;none&#8221; row_border_radius_applies=&#8221;bg&#8221; overlay_strength=&#8221;0.3&#8243; gradient_direction=&#8221;left_to_right&#8221; shape_divider_position=&#8221;bottom&#8221; bg_image_animation=&#8221;none&#8221; shape_type=&#8221;&#8221;][vc_column column_padding=&#8221;no-extra-padding&#8221; column_padding_tablet=&#8221;inherit&#8221; column_padding_phone=&#8221;inherit&#8221; column_padding_position=&#8221;all&#8221; background_color_opacity=&#8221;1&#8243; background_hover_color_opacity=&#8221;1&#8243; column_shadow=&#8221;none&#8221; column_border_radius=&#8221;none&#8221; column_link_target=&#8221;_self&#8221; gradient_direction=&#8221;left_to_right&#8221; overlay_strength=&#8221;0.3&#8243; width=&#8221;1\/1&#8243;&#8230;<\/p>\n","protected":false},"author":1,"featured_media":0,"parent":0,"menu_order":0,"comment_status":"closed","ping_status":"closed","template":"","meta":[],"yoast_head":"<!-- This site is optimized with the Yoast SEO plugin v15.3 - https:\/\/yoast.com\/wordpress\/plugins\/seo\/ -->\n<title>Privacy Policy - Vatrim Vat Advisory<\/title>\n<meta name=\"robots\" content=\"index, follow, max-snippet:-1, max-image-preview:large, max-video-preview:-1\" \/>\n<link rel=\"canonical\" href=\"https:\/\/vatrim.eu\/it\/privacy-policy\/\" \/>\n<meta property=\"og:locale\" content=\"it_IT\" \/>\n<meta property=\"og:type\" content=\"article\" \/>\n<meta property=\"og:title\" content=\"Privacy Policy - Vatrim Vat Advisory\" \/>\n<meta property=\"og:description\" content=\"[vc_row type=&#8221;in_container&#8221; full_screen_row_position=&#8221;middle&#8221; column_margin=&#8221;default&#8221; column_direction=&#8221;default&#8221; column_direction_tablet=&#8221;default&#8221; column_direction_phone=&#8221;default&#8221; scene_position=&#8221;center&#8221; bottom_padding=&#8221;5%&#8221; text_color=&#8221;dark&#8221; text_align=&#8221;left&#8221; row_border_radius=&#8221;none&#8221; row_border_radius_applies=&#8221;bg&#8221; overlay_strength=&#8221;0.3&#8243; gradient_direction=&#8221;left_to_right&#8221; shape_divider_position=&#8221;bottom&#8221; bg_image_animation=&#8221;none&#8221; shape_type=&#8221;&#8221;][vc_column column_padding=&#8221;no-extra-padding&#8221; column_padding_tablet=&#8221;inherit&#8221; column_padding_phone=&#8221;inherit&#8221; column_padding_position=&#8221;all&#8221; background_color_opacity=&#8221;1&#8243; background_hover_color_opacity=&#8221;1&#8243; column_shadow=&#8221;none&#8221; column_border_radius=&#8221;none&#8221; column_link_target=&#8221;_self&#8221; gradient_direction=&#8221;left_to_right&#8221; overlay_strength=&#8221;0.3&#8243; width=&#8221;1\/1&#8243;...\" \/>\n<meta property=\"og:url\" content=\"https:\/\/vatrim.eu\/it\/privacy-policy\/\" \/>\n<meta property=\"og:site_name\" content=\"Vatrim Vat Advisory\" \/>\n<meta property=\"article:modified_time\" content=\"2020-12-11T11:16:45+00:00\" \/>\n<meta name=\"twitter:card\" content=\"summary_large_image\" \/>\n<meta name=\"twitter:label1\" content=\"Scritto da\">\n\t<meta name=\"twitter:data1\" content=\"admin\">\n\t<meta name=\"twitter:label2\" content=\"Tempo di lettura stimato\">\n\t<meta name=\"twitter:data2\" content=\"5 minuti\">\n<script type=\"application\/ld+json\" class=\"yoast-schema-graph\">{\"@context\":\"https:\/\/schema.org\",\"@graph\":[{\"@type\":\"WebSite\",\"@id\":\"https:\/\/vatrim.eu\/#website\",\"url\":\"https:\/\/vatrim.eu\/\",\"name\":\"Vatrim Vat Advisory\",\"description\":\"\",\"potentialAction\":[{\"@type\":\"SearchAction\",\"target\":\"https:\/\/vatrim.eu\/?s={search_term_string}\",\"query-input\":\"required name=search_term_string\"}],\"inLanguage\":\"it-IT\"},{\"@type\":\"WebPage\",\"@id\":\"https:\/\/vatrim.eu\/it\/privacy-policy\/#webpage\",\"url\":\"https:\/\/vatrim.eu\/it\/privacy-policy\/\",\"name\":\"Privacy Policy - Vatrim Vat Advisory\",\"isPartOf\":{\"@id\":\"https:\/\/vatrim.eu\/#website\"},\"datePublished\":\"2020-11-24T11:55:12+00:00\",\"dateModified\":\"2020-12-11T11:16:45+00:00\",\"inLanguage\":\"it-IT\",\"potentialAction\":[{\"@type\":\"ReadAction\",\"target\":[\"https:\/\/vatrim.eu\/it\/privacy-policy\/\"]}]}]}<\/script>\n<!-- \/ Yoast SEO plugin. -->","_links":{"self":[{"href":"https:\/\/vatrim.eu\/it\/wp-json\/wp\/v2\/pages\/480"}],"collection":[{"href":"https:\/\/vatrim.eu\/it\/wp-json\/wp\/v2\/pages"}],"about":[{"href":"https:\/\/vatrim.eu\/it\/wp-json\/wp\/v2\/types\/page"}],"author":[{"embeddable":true,"href":"https:\/\/vatrim.eu\/it\/wp-json\/wp\/v2\/users\/1"}],"replies":[{"embeddable":true,"href":"https:\/\/vatrim.eu\/it\/wp-json\/wp\/v2\/comments?post=480"}],"version-history":[{"count":4,"href":"https:\/\/vatrim.eu\/it\/wp-json\/wp\/v2\/pages\/480\/revisions"}],"predecessor-version":[{"id":647,"href":"https:\/\/vatrim.eu\/it\/wp-json\/wp\/v2\/pages\/480\/revisions\/647"}],"wp:attachment":[{"href":"https:\/\/vatrim.eu\/it\/wp-json\/wp\/v2\/media?parent=480"}],"curies":[{"name":"wp","href":"https:\/\/api.w.org\/{rel}","templated":true}]}}