{"id":424,"date":"2020-11-23T15:26:12","date_gmt":"2020-11-23T14:26:12","guid":{"rendered":"https:\/\/hrop.web42.it\/cookie-policy\/"},"modified":"2020-12-11T12:20:07","modified_gmt":"2020-12-11T11:20:07","slug":"cookie-policy","status":"publish","type":"page","link":"https:\/\/vatrim.eu\/de\/cookie-policy\/","title":{"rendered":"Cookie Policy"},"content":{"rendered":"[vc_row type=&#8220;in_container&#8220; full_screen_row_position=&#8220;middle&#8220; column_margin=&#8220;default&#8220; column_direction=&#8220;default&#8220; column_direction_tablet=&#8220;default&#8220; column_direction_phone=&#8220;default&#8220; scene_position=&#8220;center&#8220; bottom_padding=&#8220;5%&#8220; text_color=&#8220;dark&#8220; text_align=&#8220;left&#8220; row_border_radius=&#8220;none&#8220; row_border_radius_applies=&#8220;bg&#8220; overlay_strength=&#8220;0.3&#8243; gradient_direction=&#8220;left_to_right&#8220; shape_divider_position=&#8220;bottom&#8220; bg_image_animation=&#8220;none&#8220; shape_type=&#8220;&#8220;][vc_column column_padding=&#8220;no-extra-padding&#8220; column_padding_tablet=&#8220;inherit&#8220; column_padding_phone=&#8220;inherit&#8220; column_padding_position=&#8220;all&#8220; background_color_opacity=&#8220;1&#8243; background_hover_color_opacity=&#8220;1&#8243; column_shadow=&#8220;none&#8220; column_border_radius=&#8220;none&#8220; column_link_target=&#8220;_self&#8220; gradient_direction=&#8220;left_to_right&#8220; overlay_strength=&#8220;0.3&#8243; width=&#8220;1\/1&#8243; tablet_width_inherit=&#8220;default&#8220; tablet_text_alignment=&#8220;default&#8220; phone_text_alignment=&#8220;default&#8220; column_border_width=&#8220;none&#8220; column_border_style=&#8220;solid&#8220; bg_image_animation=&#8220;none&#8220;][vc_custom_heading text=&#8220;Daten \u00fcber cookies erhalten*&#8220; font_container=&#8220;tag:h1|font_size:46|text_align:left|color:%2300095f&#8220; google_fonts=&#8220;font_family:PT%20Serif%3Aregular%2Citalic%2C700%2C700italic|font_style:700%20bold%20regular%3A700%3Anormal&#8220; css=&#8220;.vc_custom_1607685596111{margin-bottom: 30px !important;}&#8220;][nectar_horizontal_list_item columns=&#8220;2&#8243; column_layout_using_2_columns=&#8220;xsmall_first&#8220; col_1_text_align=&#8220;left&#8220; col_2_text_align=&#8220;left&#8220; col_1_text_element=&#8220;h4&#8243; col_2_text_element=&#8220;p&#8220; font_family=&#8220;p&#8220; hover_effect=&#8220;none&#8220; icon_family=&#8220;none&#8220; icon_size=&#8220;regular&#8220; col_1_content=&#8220;Bezeichnung&#8220; col_2_content=&#8220;GOOGLE FONT&#8220;][nectar_horizontal_list_item columns=&#8220;2&#8243; column_layout_using_2_columns=&#8220;xsmall_first&#8220; col_1_text_align=&#8220;left&#8220; col_2_text_align=&#8220;left&#8220; col_1_text_element=&#8220;h4&#8243; col_2_text_element=&#8220;p&#8220; font_family=&#8220;p&#8220; hover_effect=&#8220;none&#8220; icon_family=&#8220;none&#8220; icon_size=&#8220;regular&#8220; col_1_content=&#8220;von Erstanbietern \/ von Drittenabietern&#8220; col_2_content=&#8220;Drittenabietern&#8220;][nectar_horizontal_list_item columns=&#8220;2&#8243; column_layout_using_2_columns=&#8220;xsmall_first&#8220; col_1_text_align=&#8220;left&#8220; col_2_text_align=&#8220;left&#8220; col_1_text_element=&#8220;h4&#8243; col_2_text_element=&#8220;p&#8220; font_family=&#8220;p&#8220; hover_effect=&#8220;none&#8220; icon_family=&#8220;none&#8220; icon_size=&#8220;regular&#8220; col_1_content=&#8220;Beschreibung&#8220; col_2_content=&#8220;ein Dienst zur Anzeige von Schriftarten, der es Ihnen erm\u00f6glicht, diesen Inhalt in Ihre Seiten auf dieser Website zu integrieren. Google Fonts sammelt nur aggregierte Daten und keine Querverweise auf andere Google-Dienste, um statistische Berichte \u00fcber die Verwendung von Schriften zu erstellen. Weitere Informationen \u00fcber die Verwendung von Schriftarten https:\/\/policies.google.com\/privacy?hl=de&#8220;][nectar_horizontal_list_item columns=&#8220;2&#8243; column_layout_using_2_columns=&#8220;xsmall_first&#8220; col_1_text_align=&#8220;left&#8220; col_2_text_align=&#8220;left&#8220; col_1_text_element=&#8220;h4&#8243; col_2_text_element=&#8220;p&#8220; font_family=&#8220;p&#8220; hover_effect=&#8220;none&#8220; icon_family=&#8220;none&#8220; icon_size=&#8220;regular&#8220; col_1_content=&#8220;Dauer&#8220; col_2_content=&#8220;N\/A&#8220;][vc_column_text css=&#8220;.vc_custom_1605870544828{margin-top: 40px !important;}&#8220;]\n<p class=\"p1\">*<i> Cookies<\/i> sind kleine Textdateien, die beim Besuch von Websites auf dem Endger\u00e4t des Benutzers abgespeichert werden und beim darauffolgenden Besuch derselben Websites durch denselben Benutzer wieder dorthin zur\u00fcckgesendet werden. W\u00e4hrend der Navigation k\u00f6nnen auch andere Webseiten auf dem Endger\u00e4t des Benutzers <i>Cookies<\/i> ablegen (vgl. Verordnung der Datenschutzbeh\u00f6rde Nr. 229 vom 8. Mai 2014).<\/p>\n<p class=\"p1\">F\u00fcr eine korrekte Regelung m\u00fcssen die Cookies nach ihren Verwendungszwecken unterschieden werden<span class=\"s1\">.<\/span><\/p>\n[\/vc_column_text][vc_custom_heading text=&#8220;LINK ZUM VERFAHREN DER DEAKTIVIERUNG DER COOKIES AUF DEM EIGENEN COMPUTER F\u00dcR DIE GEBR\u00c4UCHLICHSTEN NAVIGATIONSBROWSER&#8220; font_container=&#8220;tag:h2|font_size:32|text_align:left|color:%2300095f&#8220; google_fonts=&#8220;font_family:Open%20Sans%3A300%2C300italic%2Cregular%2Citalic%2C600%2C600italic%2C700%2C700italic%2C800%2C800italic|font_style:600%20bold%20regular%3A600%3Anormal&#8220;][vc_column_text]\n<p class=\"p1\">Die beim ersten Zugriff get\u00e4tigten Einstellungen k\u00f6nnen anhand der nachstehenden Verfahren jederzeit ge\u00e4ndert werden.<\/p>\n<p class=\"p2\"><span class=\"s1\"><b>Microsoft Internet Explorer<\/b><\/span><span class=\"s2\"><br \/>\n<a href=\"http:\/\/windows.microsoft.com\/en-us\/windows-vista\/block-or-allow-cookies\" target=\"_blank\" rel=\"noopener noreferrer\"><span class=\"s3\">http:\/\/windows.microsoft.com\/en-us\/windows-vista\/block-or-allow-cookies<\/span><\/a><br \/>\n<\/span><span class=\"s1\"><b>Google Chrome<\/b><\/span><span class=\"s2\"><br \/>\n<a href=\"https:\/\/support.google.com\/chrome\/bin\/answer.py?hl=en&amp;answer=95647&amp;p=cpn_cookies\" target=\"_blank\" rel=\"noopener noreferrer\"><span class=\"s3\">https:\/\/support.google.com\/chrome\/bin\/answer.py?hl=en&amp;answer=95647&amp;p=cpn_cookies<\/span><\/a><\/span><\/p>\n<p class=\"p2\"><span class=\"s1\"><b>Mozilla Firefox<\/b><\/span><span class=\"s2\"><br \/>\n<a href=\"http:\/\/support.mozilla.org\/en-US\/kb\/Enabling%2520and%2520disabling%2520cookies\" target=\"_blank\" rel=\"noopener noreferrer\"><span class=\"s3\">http:\/\/support.mozilla.org\/en-US\/kb\/Enabling%20and%20disabling%20cookies<\/span><\/a><\/span><\/p>\n<p class=\"p3\"><b>Apple Safari<\/b><\/p>\n<p class=\"p2\"><span class=\"s4\"><a href=\"http:\/\/docs.info.apple.com\/article.html?path=Safari\/5.0\/en\/9277.html\" target=\"_blank\" rel=\"noopener noreferrer\">http:\/\/docs.info.apple.com\/article.html?path=Safari\/5.0\/en\/9277.html<\/a><\/span><\/p>\n[\/vc_column_text][\/vc_column][\/vc_row]\n","protected":false},"excerpt":{"rendered":"<p>[vc_row type=&#8220;in_container&#8220; full_screen_row_position=&#8220;middle&#8220; column_margin=&#8220;default&#8220; column_direction=&#8220;default&#8220; column_direction_tablet=&#8220;default&#8220; column_direction_phone=&#8220;default&#8220; scene_position=&#8220;center&#8220; bottom_padding=&#8220;5%&#8220; text_color=&#8220;dark&#8220; text_align=&#8220;left&#8220; row_border_radius=&#8220;none&#8220; row_border_radius_applies=&#8220;bg&#8220; overlay_strength=&#8220;0.3&#8243; gradient_direction=&#8220;left_to_right&#8220; shape_divider_position=&#8220;bottom&#8220; bg_image_animation=&#8220;none&#8220; shape_type=&#8220;&#8220;][vc_column column_padding=&#8220;no-extra-padding&#8220; column_padding_tablet=&#8220;inherit&#8220; column_padding_phone=&#8220;inherit&#8220; column_padding_position=&#8220;all&#8220; background_color_opacity=&#8220;1&#8243; background_hover_color_opacity=&#8220;1&#8243; column_shadow=&#8220;none&#8220; column_border_radius=&#8220;none&#8220; column_link_target=&#8220;_self&#8220; gradient_direction=&#8220;left_to_right&#8220; overlay_strength=&#8220;0.3&#8243; width=&#8220;1\/1&#8243;&#8230;<\/p>\n","protected":false},"author":1,"featured_media":0,"parent":0,"menu_order":0,"comment_status":"closed","ping_status":"closed","template":"","meta":[],"yoast_head":"<!-- This site is optimized with the Yoast SEO plugin v15.3 - https:\/\/yoast.com\/wordpress\/plugins\/seo\/ -->\n<title>Cookie Policy - Vatrim Vat Advisory<\/title>\n<meta name=\"robots\" content=\"index, follow, max-snippet:-1, max-image-preview:large, max-video-preview:-1\" \/>\n<link rel=\"canonical\" href=\"https:\/\/vatrim.eu\/de\/cookie-policy\/\" \/>\n<meta property=\"og:locale\" content=\"de_DE\" \/>\n<meta property=\"og:type\" content=\"article\" \/>\n<meta property=\"og:title\" content=\"Cookie Policy - Vatrim Vat Advisory\" \/>\n<meta property=\"og:description\" content=\"[vc_row type=&#8220;in_container&#8220; full_screen_row_position=&#8220;middle&#8220; column_margin=&#8220;default&#8220; column_direction=&#8220;default&#8220; column_direction_tablet=&#8220;default&#8220; column_direction_phone=&#8220;default&#8220; scene_position=&#8220;center&#8220; bottom_padding=&#8220;5%&#8220; text_color=&#8220;dark&#8220; text_align=&#8220;left&#8220; row_border_radius=&#8220;none&#8220; row_border_radius_applies=&#8220;bg&#8220; overlay_strength=&#8220;0.3&#8243; gradient_direction=&#8220;left_to_right&#8220; shape_divider_position=&#8220;bottom&#8220; bg_image_animation=&#8220;none&#8220; shape_type=&#8220;&#8220;][vc_column column_padding=&#8220;no-extra-padding&#8220; column_padding_tablet=&#8220;inherit&#8220; column_padding_phone=&#8220;inherit&#8220; column_padding_position=&#8220;all&#8220; background_color_opacity=&#8220;1&#8243; background_hover_color_opacity=&#8220;1&#8243; column_shadow=&#8220;none&#8220; column_border_radius=&#8220;none&#8220; column_link_target=&#8220;_self&#8220; gradient_direction=&#8220;left_to_right&#8220; overlay_strength=&#8220;0.3&#8243; width=&#8220;1\/1&#8243;...\" \/>\n<meta property=\"og:url\" content=\"https:\/\/vatrim.eu\/de\/cookie-policy\/\" \/>\n<meta property=\"og:site_name\" content=\"Vatrim Vat Advisory\" \/>\n<meta property=\"article:modified_time\" content=\"2020-12-11T11:20:07+00:00\" \/>\n<meta name=\"twitter:card\" content=\"summary_large_image\" \/>\n<meta name=\"twitter:label1\" content=\"Verfasst von\">\n\t<meta name=\"twitter:data1\" content=\"admin\">\n\t<meta name=\"twitter:label2\" content=\"Gesch\u00e4tzte Lesezeit\">\n\t<meta name=\"twitter:data2\" content=\"3\u00a0Minuten\">\n<script type=\"application\/ld+json\" class=\"yoast-schema-graph\">{\"@context\":\"https:\/\/schema.org\",\"@graph\":[{\"@type\":\"WebSite\",\"@id\":\"https:\/\/vatrim.eu\/#website\",\"url\":\"https:\/\/vatrim.eu\/\",\"name\":\"Vatrim Vat Advisory\",\"description\":\"\",\"potentialAction\":[{\"@type\":\"SearchAction\",\"target\":\"https:\/\/vatrim.eu\/?s={search_term_string}\",\"query-input\":\"required name=search_term_string\"}],\"inLanguage\":\"de\"},{\"@type\":\"WebPage\",\"@id\":\"https:\/\/vatrim.eu\/de\/cookie-policy\/#webpage\",\"url\":\"https:\/\/vatrim.eu\/de\/cookie-policy\/\",\"name\":\"Cookie Policy - Vatrim Vat Advisory\",\"isPartOf\":{\"@id\":\"https:\/\/vatrim.eu\/#website\"},\"datePublished\":\"2020-11-23T14:26:12+00:00\",\"dateModified\":\"2020-12-11T11:20:07+00:00\",\"inLanguage\":\"de\",\"potentialAction\":[{\"@type\":\"ReadAction\",\"target\":[\"https:\/\/vatrim.eu\/de\/cookie-policy\/\"]}]}]}<\/script>\n<!-- \/ Yoast SEO plugin. -->","_links":{"self":[{"href":"https:\/\/vatrim.eu\/de\/wp-json\/wp\/v2\/pages\/424"}],"collection":[{"href":"https:\/\/vatrim.eu\/de\/wp-json\/wp\/v2\/pages"}],"about":[{"href":"https:\/\/vatrim.eu\/de\/wp-json\/wp\/v2\/types\/page"}],"author":[{"embeddable":true,"href":"https:\/\/vatrim.eu\/de\/wp-json\/wp\/v2\/users\/1"}],"replies":[{"embeddable":true,"href":"https:\/\/vatrim.eu\/de\/wp-json\/wp\/v2\/comments?post=424"}],"version-history":[{"count":3,"href":"https:\/\/vatrim.eu\/de\/wp-json\/wp\/v2\/pages\/424\/revisions"}],"predecessor-version":[{"id":650,"href":"https:\/\/vatrim.eu\/de\/wp-json\/wp\/v2\/pages\/424\/revisions\/650"}],"wp:attachment":[{"href":"https:\/\/vatrim.eu\/de\/wp-json\/wp\/v2\/media?parent=424"}],"curies":[{"name":"wp","href":"https:\/\/api.w.org\/{rel}","templated":true}]}}