{"id":399,"date":"2020-11-23T14:43:33","date_gmt":"2020-11-23T13:43:33","guid":{"rendered":"https:\/\/hrop.web42.it\/home\/"},"modified":"2020-12-16T09:19:42","modified_gmt":"2020-12-16T08:19:42","slug":"home","status":"publish","type":"page","link":"https:\/\/vatrim.eu\/de\/","title":{"rendered":"Home"},"content":{"rendered":"[vc_row type=&#8220;in_container&#8220; full_screen_row_position=&#8220;top&#8220; column_margin=&#8220;default&#8220; equal_height=&#8220;yes&#8220; content_placement=&#8220;top&#8220; column_direction=&#8220;default&#8220; column_direction_tablet=&#8220;default&#8220; column_direction_phone=&#8220;default&#8220; scene_position=&#8220;center&#8220; bottom_padding=&#8220;80&#8243; bottom_padding_tablet=&#8220;60&#8243; bottom_padding_phone=&#8220;60&#8243; text_color=&#8220;dark&#8220; text_align=&#8220;left&#8220; row_border_radius=&#8220;none&#8220; row_border_radius_applies=&#8220;bg&#8220; class=&#8220;header-container&#8220; id=&#8220;home&#8220; overlay_strength=&#8220;0.5&#8243; gradient_direction=&#8220;top_to_bottom&#8220; shape_divider_position=&#8220;bottom&#8220; bg_image_animation=&#8220;none&#8220; shape_type=&#8220;&#8220;][vc_column column_padding=&#8220;no-extra-padding&#8220; column_padding_tablet=&#8220;inherit&#8220; column_padding_phone=&#8220;inherit&#8220; column_padding_position=&#8220;top&#8220; right_margin=&#8220;-300px&#8220; background_color_opacity=&#8220;1&#8243; background_hover_color_opacity=&#8220;1&#8243; column_shadow=&#8220;none&#8220; column_border_radius=&#8220;none&#8220; column_link_target=&#8220;_self&#8220; zindex=&#8220;100&#8243; gradient_direction=&#8220;left_to_right&#8220; overlay_strength=&#8220;0.3&#8243; width=&#8220;1\/1&#8243; tablet_width_inherit=&#8220;default&#8220; tablet_text_alignment=&#8220;default&#8220; phone_text_alignment=&#8220;default&#8220; column_border_width=&#8220;none&#8220; column_border_style=&#8220;solid&#8220; bg_image_animation=&#8220;none&#8220; enable_animation=&#8220;true&#8220; animation=&#8220;fade-in-from-bottom&#8220; delay=&#8220;400&#8243;][vc_row_inner column_margin=&#8220;default&#8220; column_direction=&#8220;default&#8220; column_direction_tablet=&#8220;default&#8220; column_direction_phone=&#8220;default&#8220; text_align=&#8220;left&#8220; min_width_desktop=&#8220;75vh&#8220;][vc_column_inner column_padding=&#8220;padding-8-percent&#8220; column_padding_tablet=&#8220;inherit&#8220; column_padding_phone=&#8220;inherit&#8220; column_padding_position=&#8220;all&#8220; background_color_opacity=&#8220;1&#8243; background_hover_color_opacity=&#8220;1&#8243; background_image=&#8220;625&#8243; background_image_position=&#8220;center center&#8220; enable_bg_scale=&#8220;true&#8220; column_shadow=&#8220;none&#8220; column_border_radius=&#8220;none&#8220; column_link_target=&#8220;_self&#8220; gradient_direction=&#8220;left_to_right&#8220; overlay_strength=&#8220;0.5&#8243; width=&#8220;1\/1&#8243; tablet_width_inherit=&#8220;default&#8220; column_border_width=&#8220;none&#8220; column_border_style=&#8220;solid&#8220; bg_image_animation=&#8220;ro-reveal-from-bottom&#8220;][divider line_type=&#8220;No Line&#8220; custom_height=&#8220;15vh&#8220;][vc_custom_heading text=&#8220;Vatrim&#8220; font_container=&#8220;tag:h2|font_size:46|text_align:left|color:%23ff6f4c&#8220; google_fonts=&#8220;font_family:PT%20Serif%3Aregular%2Citalic%2C700%2C700italic|font_style:400%20regular%3A400%3Anormal&#8220; css=&#8220;.vc_custom_1605719385364{margin-bottom: 20px !important;}&#8220;][nectar_highlighted_text text_color=&#8220;#ffffff&#8220; style=&#8220;text_outline&#8220; outline_thickness=&#8220;thin&#8220; custom_font_size=&#8220;99px&#8220;]\n<h1 class=\"p1\"><em>STEUERBERATUNG<br \/>\n<\/em><em>MIT<\/em> MEHRWERT<\/h1>\n[\/nectar_highlighted_text][nectar_cta btn_style=&#8220;next-section&#8220; btn_type=&#8220;down-arrow-bordered&#8220; next_section_color=&#8220;#ff6f4c&#8220; next_section_shadow=&#8220;none&#8220; alignment=&#8220;left&#8220; margin_top=&#8220;100&#8243;][divider line_type=&#8220;No Line&#8220; custom_height=&#8220;10vh&#8220;][\/vc_column_inner][\/vc_row_inner][\/vc_column][\/vc_row][vc_row type=&#8220;in_container&#8220; full_screen_row_position=&#8220;middle&#8220; column_margin=&#8220;60px&#8220; column_direction=&#8220;default&#8220; column_direction_tablet=&#8220;default&#8220; column_direction_phone=&#8220;default&#8220; scene_position=&#8220;center&#8220; top_padding=&#8220;7%&#8220; bottom_padding=&#8220;10%&#8220; top_padding_phone=&#8220;80px&#8220; bottom_padding_phone=&#8220;100px&#8220; text_color=&#8220;dark&#8220; text_align=&#8220;left&#8220; row_border_radius=&#8220;none&#8220; row_border_radius_applies=&#8220;bg&#8220; overlay_strength=&#8220;0.3&#8243; gradient_direction=&#8220;left_to_right&#8220; shape_divider_position=&#8220;bottom&#8220; bg_image_animation=&#8220;none&#8220; shape_type=&#8220;&#8220;][vc_column column_padding=&#8220;no-extra-padding&#8220; column_padding_tablet=&#8220;inherit&#8220; column_padding_phone=&#8220;inherit&#8220; column_padding_position=&#8220;all&#8220; background_color_opacity=&#8220;1&#8243; background_hover_color_opacity=&#8220;1&#8243; column_shadow=&#8220;none&#8220; column_border_radius=&#8220;none&#8220; column_link_target=&#8220;_self&#8220; gradient_direction=&#8220;left_to_right&#8220; overlay_strength=&#8220;0.3&#8243; width=&#8220;1\/4&#8243; tablet_width_inherit=&#8220;default&#8220; tablet_text_alignment=&#8220;default&#8220; phone_text_alignment=&#8220;default&#8220; column_border_width=&#8220;none&#8220; column_border_style=&#8220;solid&#8220; bg_image_animation=&#8220;none&#8220; enable_animation=&#8220;true&#8220; animation=&#8220;fade-in-from-bottom&#8220; delay=&#8220;100&#8243;][vc_column_text]\n<p class=\"p1\">Im Bereich der Mehrwert-\/Umsatzsteuerberatung bietet die Vatrim GmbH mit Sitz in Bozen\/S\u00fcdtirol (Italien) <strong>seit mehr als 20 Jahren<\/strong> bew\u00e4hrte Leistungen aus einer Hand \u2013 spezifisch f\u00fcr Italien und im multinationalen Kontext.<\/p>\n[\/vc_column_text][\/vc_column][vc_column column_padding=&#8220;padding-2-percent&#8220; column_padding_tablet=&#8220;no-extra-padding&#8220; column_padding_phone=&#8220;no-extra-padding&#8220; column_padding_position=&#8220;left&#8220; background_color_opacity=&#8220;1&#8243; background_hover_color_opacity=&#8220;1&#8243; column_shadow=&#8220;none&#8220; column_border_radius=&#8220;none&#8220; column_link_target=&#8220;_self&#8220; gradient_direction=&#8220;left_to_right&#8220; overlay_strength=&#8220;0.3&#8243; width=&#8220;3\/4&#8243; tablet_width_inherit=&#8220;default&#8220; tablet_text_alignment=&#8220;default&#8220; phone_text_alignment=&#8220;default&#8220; column_border_width=&#8220;none&#8220; column_border_style=&#8220;solid&#8220; bg_image_animation=&#8220;none&#8220; enable_animation=&#8220;true&#8220; animation=&#8220;fade-in-from-bottom&#8220; delay=&#8220;100&#8243;][vc_column_text el_class=&#8220;text-gray&#8220;]\n<p class=\"p1\">Unsere Spezialisten \u00fcberbr\u00fccken Sprachbarrieren und Unterschiede zwischen nationalen Steuervorschriften und bieten umfassende und l\u00fcckenlose Beratung zu multinationalen Steuerthemen. Damit international operierende Unternehmen Steuerrisiken und steuerliche Konsequenzen richtig einsch\u00e4tzen und steuerliches Fehlverhalten vermeiden k\u00f6nnen. F\u00fcr eventuelle Streitverfahren mit den Fiskalbeh\u00f6rden bieten wir Rechtsbeistand.<\/p>\n[\/vc_column_text][nectar_cta btn_style=&#8220;arrow-animation&#8220; heading_tag=&#8220;h6&#8243; text_color=&#8220;#ff6f4c&#8220; button_color=&#8220;default&#8220; link_type=&#8220;regular&#8220; alignment=&#8220;left&#8220; display=&#8220;block&#8220; link_text=&#8220;Mehr&#8220; url=&#8220;\/de\/ueber-uns&#8220; margin_top=&#8220;50px&#8220;][\/vc_column][\/vc_row][vc_row type=&#8220;in_container&#8220; full_screen_row_position=&#8220;middle&#8220; column_margin=&#8220;default&#8220; column_direction=&#8220;default&#8220; column_direction_tablet=&#8220;default&#8220; column_direction_phone=&#8220;default&#8220; scene_position=&#8220;center&#8220; text_color=&#8220;dark&#8220; text_align=&#8220;left&#8220; row_border_radius=&#8220;none&#8220; row_border_radius_applies=&#8220;bg&#8220; overlay_strength=&#8220;0.3&#8243; gradient_direction=&#8220;left_to_right&#8220; shape_divider_position=&#8220;bottom&#8220; bg_image_animation=&#8220;none&#8220;][vc_column column_padding=&#8220;no-extra-padding&#8220; column_padding_tablet=&#8220;inherit&#8220; column_padding_phone=&#8220;inherit&#8220; column_padding_position=&#8220;all&#8220; background_color_opacity=&#8220;1&#8243; background_hover_color_opacity=&#8220;1&#8243; column_shadow=&#8220;none&#8220; column_border_radius=&#8220;none&#8220; column_link_target=&#8220;_self&#8220; gradient_direction=&#8220;left_to_right&#8220; overlay_strength=&#8220;0.3&#8243; width=&#8220;1\/1&#8243; tablet_width_inherit=&#8220;default&#8220; tablet_text_alignment=&#8220;default&#8220; phone_text_alignment=&#8220;default&#8220; column_border_width=&#8220;none&#8220; column_border_style=&#8220;solid&#8220; bg_image_animation=&#8220;none&#8220;][vc_custom_heading text=&#8220;Leistungen&#8220; font_container=&#8220;tag:h2|font_size:46|text_align:left|color:%23280071&#8243; google_fonts=&#8220;font_family:PT%20Serif%3Aregular%2Citalic%2C700%2C700italic|font_style:400%20regular%3A400%3Anormal&#8220; css_animation=&#8220;fadeInUp&#8220;][carousel script=&#8220;flickity&#8220; flickity_formatting=&#8220;default&#8220; desktop_cols_flickity=&#8220;3&#8243; desktop_small_cols_flickity=&#8220;3&#8243; tablet_cols_flickity=&#8220;2&#8243; flickity_controls=&#8220;touch_total&#8220; color=&#8220;extra-color-1&#8243; flickity_overflow=&#8220;visible&#8220; flickity_wrap_around=&#8220;no-wrap&#8220; flickity_spacing=&#8220;20px&#8220; column_padding=&#8220;0&#8243; flickity_image_scale_on_drag=&#8220;true&#8220; border_radius=&#8220;none&#8220;][item id=&#8220;1608106684983-1&#8243; tab_id=&#8220;1608106684984-8&#8243; title=&#8220;Item&#8220;][fancy_box box_style=&#8220;hover_desc&#8220; icon_family=&#8220;none&#8220; image_url=&#8220;347&#8243; hover_color=&#8220;accent-color&#8220; box_alignment=&#8220;left&#8220; hover_desc_bg_animation=&#8220;long_zoom&#8220; border_radius=&#8220;default&#8220; image_loading=&#8220;lazy-load&#8220; min_height=&#8220;500&#8243; link_url=&#8220;\/de\/leistungen\/#advice&#8220;]\n<h3 class=\"p1\">Beratung<\/h3>\n[\/fancy_box][\/item][item id=&#8220;1608106685019-4&#8243; tab_id=&#8220;1608106685020-1&#8243; title=&#8220;Item&#8220;][fancy_box box_style=&#8220;hover_desc&#8220; icon_family=&#8220;none&#8220; image_url=&#8220;350&#8243; hover_color=&#8220;accent-color&#8220; box_alignment=&#8220;left&#8220; hover_desc_bg_animation=&#8220;none&#8220; border_radius=&#8220;default&#8220; image_loading=&#8220;lazy-load&#8220; min_height=&#8220;500&#8243; link_url=&#8220;\/de\/leistungen\/#validation&#8220;]\n<h3 class=\"p1\">Pr\u00fcfung<\/h3>\n[\/fancy_box][\/item][item id=&#8220;1608106685041-3&#8243; tab_id=&#8220;1608106685041-2&#8243; title=&#8220;Item&#8220;][fancy_box box_style=&#8220;hover_desc&#8220; icon_family=&#8220;none&#8220; image_url=&#8220;353&#8243; hover_color=&#8220;accent-color&#8220; box_alignment=&#8220;left&#8220; hover_desc_bg_animation=&#8220;none&#8220; border_radius=&#8220;default&#8220; image_loading=&#8220;lazy-load&#8220; min_height=&#8220;500&#8243; link_url=&#8220;\/de\/leistungen\/#registration&#8220;]\n<h3 class=\"p1\">Registrierung<\/h3>\n[\/fancy_box][\/item][item title=&#8220;Item&#8220; id=&#8220;1608106685064-1&#8243; tab_id=&#8220;1608106685064-4&#8243;][fancy_box box_style=&#8220;hover_desc&#8220; icon_family=&#8220;none&#8220; image_url=&#8220;356&#8243; hover_color=&#8220;accent-color&#8220; box_alignment=&#8220;left&#8220; hover_desc_bg_animation=&#8220;none&#8220; border_radius=&#8220;default&#8220; image_loading=&#8220;lazy-load&#8220; min_height=&#8220;500&#8243; link_url=&#8220;\/de\/leistungen\/#accounting&#8220;]\n<h3 class=\"p1\">Buchhaltung und periodische Erkl\u00e4rungen<\/h3>\n[\/fancy_box][\/item][item title=&#8220;Item&#8220; id=&#8220;1608106685093-10&#8243; tab_id=&#8220;1608106685094-9&#8243;][fancy_box box_style=&#8220;hover_desc&#8220; icon_family=&#8220;none&#8220; image_url=&#8220;506&#8243; hover_color=&#8220;accent-color&#8220; box_alignment=&#8220;left&#8220; hover_desc_bg_animation=&#8220;none&#8220; border_radius=&#8220;default&#8220; image_loading=&#8220;lazy-load&#8220; min_height=&#8220;500&#8243; link_url=&#8220;\/de\/leistungen\/#refunding&#8220;]\n<h3 class=\"p1\">R\u00fcckerstattung und Abtretung (&#8230;)<\/h3>\n[\/fancy_box][\/item][item title=&#8220;Item&#8220; id=&#8220;1608106685131-1&#8243; tab_id=&#8220;1608106685132-1&#8243;][fancy_box box_style=&#8220;hover_desc&#8220; icon_family=&#8220;none&#8220; image_url=&#8220;509&#8243; hover_color=&#8220;accent-color&#8220; box_alignment=&#8220;left&#8220; hover_desc_bg_animation=&#8220;none&#8220; border_radius=&#8220;default&#8220; image_loading=&#8220;lazy-load&#8220; min_height=&#8220;500&#8243; link_url=&#8220;\/de\/leistungen\/#contacts&#8220;]\n<h3 class=\"p1\">Beh\u00f6rdenkontakte und (&#8230;)<\/h3>\n[\/fancy_box][\/item][\/carousel][\/vc_column][\/vc_row][vc_row type=&#8220;in_container&#8220; full_screen_row_position=&#8220;middle&#8220; column_margin=&#8220;default&#8220; equal_height=&#8220;yes&#8220; content_placement=&#8220;middle&#8220; column_direction=&#8220;default&#8220; column_direction_tablet=&#8220;default&#8220; column_direction_phone=&#8220;default&#8220; scene_position=&#8220;center&#8220; top_padding=&#8220;10%&#8220; bottom_padding=&#8220;10%&#8220; top_padding_phone=&#8220;100px&#8220; bottom_padding_phone=&#8220;100px&#8220; text_color=&#8220;dark&#8220; text_align=&#8220;left&#8220; row_border_radius=&#8220;none&#8220; row_border_radius_applies=&#8220;bg&#8220; overlay_strength=&#8220;0.3&#8243; gradient_direction=&#8220;left_to_right&#8220; shape_divider_position=&#8220;bottom&#8220; bg_image_animation=&#8220;none&#8220; shape_type=&#8220;&#8220;][vc_column column_padding=&#8220;padding-2-percent&#8220; column_padding_tablet=&#8220;no-extra-padding&#8220; column_padding_phone=&#8220;no-extra-padding&#8220; column_padding_position=&#8220;right&#8220; background_color_opacity=&#8220;1&#8243; background_hover_color_opacity=&#8220;1&#8243; column_shadow=&#8220;none&#8220; column_border_radius=&#8220;none&#8220; column_link_target=&#8220;_self&#8220; gradient_direction=&#8220;left_to_right&#8220; overlay_strength=&#8220;0.3&#8243; width=&#8220;2\/6&#8243; tablet_width_inherit=&#8220;default&#8220; tablet_text_alignment=&#8220;default&#8220; phone_text_alignment=&#8220;default&#8220; column_border_width=&#8220;none&#8220; column_border_style=&#8220;solid&#8220; bg_image_animation=&#8220;none&#8220;][image_with_animation image_url=&#8220;118&#8243; animation=&#8220;Fade In From Bottom&#8220; hover_animation=&#8220;none&#8220; alignment=&#8220;&#8220; border_radius=&#8220;none&#8220; box_shadow=&#8220;none&#8220; image_loading=&#8220;lazy-load&#8220; max_width=&#8220;100%&#8220; max_width_mobile=&#8220;default&#8220; delay=&#8220;100&#8243;][\/vc_column][vc_column column_padding=&#8220;padding-2-percent&#8220; column_padding_tablet=&#8220;no-extra-padding&#8220; column_padding_phone=&#8220;no-extra-padding&#8220; column_padding_position=&#8220;left&#8220; top_margin_tablet=&#8220;50px&#8220; top_margin_phone=&#8220;50px&#8220; background_color_opacity=&#8220;1&#8243; background_hover_color_opacity=&#8220;1&#8243; column_shadow=&#8220;none&#8220; column_border_radius=&#8220;none&#8220; column_link_target=&#8220;_self&#8220; gradient_direction=&#8220;left_to_right&#8220; overlay_strength=&#8220;0.3&#8243; width=&#8220;4\/6&#8243; tablet_width_inherit=&#8220;default&#8220; tablet_text_alignment=&#8220;default&#8220; phone_text_alignment=&#8220;default&#8220; column_border_width=&#8220;none&#8220; column_border_style=&#8220;solid&#8220; bg_image_animation=&#8220;none&#8220; enable_animation=&#8220;true&#8220; animation=&#8220;fade-in-from-bottom&#8220; delay=&#8220;100&#8243;][vc_custom_heading text=&#8220;Minimierung Ihrer Steuerrisiken&#8220; font_container=&#8220;tag:h2|font_size:46|text_align:left|color:%23280071&#8243; google_fonts=&#8220;font_family:PT%20Serif%3Aregular%2Citalic%2C700%2C700italic|font_style:400%20regular%3A400%3Anormal&#8220; css=&#8220;.vc_custom_1607607418843{margin-bottom: 4vh !important;}&#8220;][vc_column_text el_class=&#8220;text-gray&#8220;]\n<p class=\"p1\">Vatrim unterst\u00fctzt insbesondere Unternehmen, die in Italien t\u00e4tig sind oder werden wollen bei allen Fragen rund um die Umsatzsteuer und begleitet sie bei der Planung und Abwicklung umsatzsteuerrelevanter Gesch\u00e4ftsvorg\u00e4nge \u2013 sowohl beratend als auch praktisch. Inklusive Buchhaltung und allf\u00e4lligen Erkl\u00e4rungen. Die Umsatzsteuerr\u00fcckerstattung ist ein Spezialgebiet des Vatrim-Teams.<\/p>\n[\/vc_column_text][nectar_cta btn_style=&#8220;arrow-animation&#8220; heading_tag=&#8220;h6&#8243; text_color=&#8220;#ff6f4c&#8220; button_color=&#8220;default&#8220; link_type=&#8220;regular&#8220; alignment=&#8220;left&#8220; display=&#8220;block&#8220; link_text=&#8220;Unsere Leistungen&#8220; url=&#8220;\/de\/leistungen&#8220; margin_top=&#8220;50px&#8220;][\/vc_column][\/vc_row][vc_row type=&#8220;full_width_content&#8220; full_screen_row_position=&#8220;middle&#8220; column_margin=&#8220;default&#8220; column_direction=&#8220;default&#8220; column_direction_tablet=&#8220;default&#8220; column_direction_phone=&#8220;default&#8220; bg_color=&#8220;#00095f&#8220; scene_position=&#8220;center&#8220; top_padding=&#8220;10%&#8220; bottom_padding=&#8220;16%&#8220; top_padding_phone=&#8220;100px&#8220; bottom_padding_phone=&#8220;150px&#8220; text_color=&#8220;light&#8220; text_align=&#8220;center&#8220; row_border_radius=&#8220;none&#8220; row_border_radius_applies=&#8220;bg&#8220; overlay_strength=&#8220;0.3&#8243; gradient_direction=&#8220;left_to_right&#8220; shape_divider_position=&#8220;bottom&#8220; bg_image_animation=&#8220;none&#8220; shape_type=&#8220;&#8220;][vc_column column_padding=&#8220;no-extra-padding&#8220; column_padding_tablet=&#8220;inherit&#8220; column_padding_phone=&#8220;inherit&#8220; column_padding_position=&#8220;all&#8220; background_color_opacity=&#8220;1&#8243; background_hover_color_opacity=&#8220;1&#8243; column_shadow=&#8220;none&#8220; column_border_radius=&#8220;none&#8220; column_link_target=&#8220;_self&#8220; gradient_direction=&#8220;left_to_right&#8220; overlay_strength=&#8220;0.3&#8243; width=&#8220;1\/1&#8243; tablet_width_inherit=&#8220;default&#8220; tablet_text_alignment=&#8220;default&#8220; phone_text_alignment=&#8220;default&#8220; column_border_width=&#8220;none&#8220; column_border_style=&#8220;solid&#8220; bg_image_animation=&#8220;none&#8220; enable_animation=&#8220;true&#8220; animation=&#8220;fade-in-from-bottom&#8220; delay=&#8220;100&#8243;][vc_custom_heading text=&#8220;W\u00fcnschen Sie ein Angebot?&#8220; font_container=&#8220;tag:h2|font_size:46|text_align:center|color:%23ffffff&#8220; google_fonts=&#8220;font_family:PT%20Serif%3Aregular%2Citalic%2C700%2C700italic|font_style:400%20regular%3A400%3Anormal&#8220; css_animation=&#8220;none&#8220;][nectar_cta btn_style=&#8220;arrow-animation&#8220; heading_tag=&#8220;h6&#8243; text_color=&#8220;#ffffff&#8220; button_color=&#8220;extra-color-1&#8243; link_type=&#8220;regular&#8220; alignment=&#8220;center&#8220; display=&#8220;block&#8220; link_text=&#8220;Kontaktieren sie uns!&#8220; url=&#8220;\/de\/kontakte&#8220; margin_top=&#8220;70&#8243; padding_top=&#8220;15&#8243; padding_bottom=&#8220;15&#8243; padding_left=&#8220;40&#8243; padding_right=&#8220;40&#8243;][\/vc_column][\/vc_row]\n","protected":false},"excerpt":{"rendered":"<p>[vc_row type=&#8220;in_container&#8220; full_screen_row_position=&#8220;top&#8220; column_margin=&#8220;default&#8220; equal_height=&#8220;yes&#8220; content_placement=&#8220;top&#8220; column_direction=&#8220;default&#8220; column_direction_tablet=&#8220;default&#8220; column_direction_phone=&#8220;default&#8220; scene_position=&#8220;center&#8220; bottom_padding=&#8220;80&#8243; bottom_padding_tablet=&#8220;60&#8243; bottom_padding_phone=&#8220;60&#8243; text_color=&#8220;dark&#8220; text_align=&#8220;left&#8220; row_border_radius=&#8220;none&#8220; row_border_radius_applies=&#8220;bg&#8220; class=&#8220;header-container&#8220; id=&#8220;home&#8220; overlay_strength=&#8220;0.5&#8243; gradient_direction=&#8220;top_to_bottom&#8220; shape_divider_position=&#8220;bottom&#8220; bg_image_animation=&#8220;none&#8220; shape_type=&#8220;&#8220;][vc_column column_padding=&#8220;no-extra-padding&#8220; column_padding_tablet=&#8220;inherit&#8220; column_padding_phone=&#8220;inherit&#8220; column_padding_position=&#8220;top&#8220; right_margin=&#8220;-300px&#8220; background_color_opacity=&#8220;1&#8243;&#8230;<\/p>\n","protected":false},"author":1,"featured_media":0,"parent":0,"menu_order":0,"comment_status":"closed","ping_status":"closed","template":"","meta":[],"yoast_head":"<!-- This site is optimized with the Yoast SEO plugin v15.3 - https:\/\/yoast.com\/wordpress\/plugins\/seo\/ -->\n<title>Home - Vatrim Vat Advisory<\/title>\n<meta name=\"robots\" content=\"index, follow, max-snippet:-1, max-image-preview:large, max-video-preview:-1\" \/>\n<link rel=\"canonical\" href=\"https:\/\/vatrim.eu\/de\/\" \/>\n<meta property=\"og:locale\" content=\"de_DE\" \/>\n<meta property=\"og:type\" content=\"article\" \/>\n<meta property=\"og:title\" content=\"Home - Vatrim Vat Advisory\" \/>\n<meta property=\"og:description\" content=\"[vc_row type=&#8220;in_container&#8220; full_screen_row_position=&#8220;top&#8220; column_margin=&#8220;default&#8220; equal_height=&#8220;yes&#8220; content_placement=&#8220;top&#8220; column_direction=&#8220;default&#8220; column_direction_tablet=&#8220;default&#8220; column_direction_phone=&#8220;default&#8220; scene_position=&#8220;center&#8220; bottom_padding=&#8220;80&#8243; bottom_padding_tablet=&#8220;60&#8243; bottom_padding_phone=&#8220;60&#8243; text_color=&#8220;dark&#8220; text_align=&#8220;left&#8220; row_border_radius=&#8220;none&#8220; row_border_radius_applies=&#8220;bg&#8220; class=&#8220;header-container&#8220; id=&#8220;home&#8220; overlay_strength=&#8220;0.5&#8243; gradient_direction=&#8220;top_to_bottom&#8220; shape_divider_position=&#8220;bottom&#8220; bg_image_animation=&#8220;none&#8220; shape_type=&#8220;&#8220;][vc_column column_padding=&#8220;no-extra-padding&#8220; column_padding_tablet=&#8220;inherit&#8220; column_padding_phone=&#8220;inherit&#8220; column_padding_position=&#8220;top&#8220; right_margin=&#8220;-300px&#8220; background_color_opacity=&#8220;1&#8243;...\" \/>\n<meta property=\"og:url\" content=\"https:\/\/vatrim.eu\/de\/\" \/>\n<meta property=\"og:site_name\" content=\"Vatrim Vat Advisory\" \/>\n<meta property=\"article:modified_time\" content=\"2020-12-16T08:19:42+00:00\" \/>\n<meta name=\"twitter:card\" content=\"summary_large_image\" \/>\n<meta name=\"twitter:label1\" content=\"Verfasst von\">\n\t<meta name=\"twitter:data1\" content=\"admin\">\n\t<meta name=\"twitter:label2\" content=\"Gesch\u00e4tzte Lesezeit\">\n\t<meta name=\"twitter:data2\" content=\"7\u00a0Minuten\">\n<script type=\"application\/ld+json\" class=\"yoast-schema-graph\">{\"@context\":\"https:\/\/schema.org\",\"@graph\":[{\"@type\":\"WebSite\",\"@id\":\"https:\/\/vatrim.eu\/#website\",\"url\":\"https:\/\/vatrim.eu\/\",\"name\":\"Vatrim Vat Advisory\",\"description\":\"\",\"potentialAction\":[{\"@type\":\"SearchAction\",\"target\":\"https:\/\/vatrim.eu\/?s={search_term_string}\",\"query-input\":\"required name=search_term_string\"}],\"inLanguage\":\"de\"},{\"@type\":\"WebPage\",\"@id\":\"https:\/\/vatrim.eu\/de\/#webpage\",\"url\":\"https:\/\/vatrim.eu\/de\/\",\"name\":\"Home - Vatrim Vat Advisory\",\"isPartOf\":{\"@id\":\"https:\/\/vatrim.eu\/#website\"},\"datePublished\":\"2020-11-23T13:43:33+00:00\",\"dateModified\":\"2020-12-16T08:19:42+00:00\",\"inLanguage\":\"de\",\"potentialAction\":[{\"@type\":\"ReadAction\",\"target\":[\"https:\/\/vatrim.eu\/de\/\"]}]}]}<\/script>\n<!-- \/ Yoast SEO plugin. -->","_links":{"self":[{"href":"https:\/\/vatrim.eu\/de\/wp-json\/wp\/v2\/pages\/399"}],"collection":[{"href":"https:\/\/vatrim.eu\/de\/wp-json\/wp\/v2\/pages"}],"about":[{"href":"https:\/\/vatrim.eu\/de\/wp-json\/wp\/v2\/types\/page"}],"author":[{"embeddable":true,"href":"https:\/\/vatrim.eu\/de\/wp-json\/wp\/v2\/users\/1"}],"replies":[{"embeddable":true,"href":"https:\/\/vatrim.eu\/de\/wp-json\/wp\/v2\/comments?post=399"}],"version-history":[{"count":22,"href":"https:\/\/vatrim.eu\/de\/wp-json\/wp\/v2\/pages\/399\/revisions"}],"predecessor-version":[{"id":659,"href":"https:\/\/vatrim.eu\/de\/wp-json\/wp\/v2\/pages\/399\/revisions\/659"}],"wp:attachment":[{"href":"https:\/\/vatrim.eu\/de\/wp-json\/wp\/v2\/media?parent=399"}],"curies":[{"name":"wp","href":"https:\/\/api.w.org\/{rel}","templated":true}]}}